{"id":2215,"date":"2025-04-29T08:13:04","date_gmt":"2025-04-29T08:13:04","guid":{"rendered":"https:\/\/www.unikkern.com\/?post_type=product&#038;p=2215"},"modified":"2025-04-29T12:42:48","modified_gmt":"2025-04-29T12:42:48","slug":"19-inch-1u-perforated-cable-management-panel-with-4-rings","status":"publish","type":"product","link":"https:\/\/www.unikkern.com\/fr\/19-inch-1u-perforated-cable-management-panel-with-4-rings\/","title":{"rendered":"PANNEAU 19\" 1U DE GESTION DE CABLE AJOURE AVEC 4 ANNEAUX"},"content":{"rendered":"<p>Le panneau Unikkern permet d\u2019am\u00e9liorer l\u2019organisation des cordons de brassage \u00e0 l\u2019int\u00e9rieur de la baie, grace \u00e0 son\nfond perfor\u00e9. Son design est \u00e9legant et fonctionnel. Les panneaux de gestion des c\u00e2bles sont con\u00e7us pour s\u2019adapter\naux racks et armoires standard de 19 pouces.<\/p>","protected":false},"excerpt":{"rendered":"<p>KSPFK1U4RCEF<\/p>","protected":false},"featured_media":2216,"comment_status":"open","ping_status":"closed","template":"","meta":{"inline_featured_image":false},"product_brand":[],"product_cat":[160,158,63],"product_tag":[86,113],"class_list":{"0":"post-2215","1":"product","2":"type-product","3":"status-publish","4":"has-post-thumbnail","6":"product_cat-panel-shelves-drawers-panel-shelves-drawers","7":"product_cat-panel-shelves-drawers","8":"product_cat-racks","9":"product_tag-86","10":"product_tag-1u","12":"first","13":"instock","14":"shipping-taxable","15":"product-type-simple"},"acf":[],"_links":{"self":[{"href":"https:\/\/www.unikkern.com\/fr\/wp-json\/wp\/v2\/product\/2215","targetHints":{"allow":["GET"]}}],"collection":[{"href":"https:\/\/www.unikkern.com\/fr\/wp-json\/wp\/v2\/product"}],"about":[{"href":"https:\/\/www.unikkern.com\/fr\/wp-json\/wp\/v2\/types\/product"}],"replies":[{"embeddable":true,"href":"https:\/\/www.unikkern.com\/fr\/wp-json\/wp\/v2\/comments?post=2215"}],"wp:featuredmedia":[{"embeddable":true,"href":"https:\/\/www.unikkern.com\/fr\/wp-json\/wp\/v2\/media\/2216"}],"wp:attachment":[{"href":"https:\/\/www.unikkern.com\/fr\/wp-json\/wp\/v2\/media?parent=2215"}],"wp:term":[{"taxonomy":"product_brand","embeddable":true,"href":"https:\/\/www.unikkern.com\/fr\/wp-json\/wp\/v2\/product_brand?post=2215"},{"taxonomy":"product_cat","embeddable":true,"href":"https:\/\/www.unikkern.com\/fr\/wp-json\/wp\/v2\/product_cat?post=2215"},{"taxonomy":"product_tag","embeddable":true,"href":"https:\/\/www.unikkern.com\/fr\/wp-json\/wp\/v2\/product_tag?post=2215"}],"curies":[{"name":"wp","href":"https:\/\/api.w.org\/{rel}","templated":true}]}}