{"id":1880,"date":"2025-03-06T16:23:36","date_gmt":"2025-03-06T16:23:36","guid":{"rendered":"https:\/\/www.unikkern.com\/?post_type=product&#038;p=1880"},"modified":"2025-03-20T14:34:49","modified_gmt":"2025-03-20T14:34:49","slug":"19-inch-1u-patch-panel-full-metal-with-24-rj45-keystone-ports","status":"publish","type":"product","link":"https:\/\/www.unikkern.com\/fr\/19-inch-1u-patch-panel-full-metal-with-24-rj45-keystone-ports\/","title":{"rendered":"PANNEAU DE BRASSAGE 19\" 1U 24 PORTS RJ45 KEYSTONE"},"content":{"rendered":"<p class=\"text\">19-inch patch panel with rear support bar. Designed to accommodate 24 shielded or unshielded Keystone jacks.<br \/>\nFabriqu\u00e9 avec des mat\u00e9riaux de haute qualit\u00e9, il assure une fiabilit\u00e9 \u00e0 long terme.<br \/>\nMade with high-quality materials to ensure reliability over years of use.<br \/>\nIdentification is facilited by silk-screened numbers from 1 to 24.<\/p>","protected":false},"excerpt":{"rendered":"<p>KJPP1UBMCTEF<\/p>","protected":false},"featured_media":1881,"comment_status":"open","ping_status":"closed","template":"","meta":{"inline_featured_image":false},"product_brand":[],"product_cat":[139,19,65],"product_tag":[86,113],"class_list":{"0":"post-1880","1":"product","2":"type-product","3":"status-publish","4":"has-post-thumbnail","6":"product_cat-patch-panel","7":"product_cat-copper","8":"product_cat-patch-panels","9":"product_tag-86","10":"product_tag-1u","12":"first","13":"instock","14":"shipping-taxable","15":"product-type-simple"},"acf":[],"_links":{"self":[{"href":"https:\/\/www.unikkern.com\/fr\/wp-json\/wp\/v2\/product\/1880","targetHints":{"allow":["GET"]}}],"collection":[{"href":"https:\/\/www.unikkern.com\/fr\/wp-json\/wp\/v2\/product"}],"about":[{"href":"https:\/\/www.unikkern.com\/fr\/wp-json\/wp\/v2\/types\/product"}],"replies":[{"embeddable":true,"href":"https:\/\/www.unikkern.com\/fr\/wp-json\/wp\/v2\/comments?post=1880"}],"wp:featuredmedia":[{"embeddable":true,"href":"https:\/\/www.unikkern.com\/fr\/wp-json\/wp\/v2\/media\/1881"}],"wp:attachment":[{"href":"https:\/\/www.unikkern.com\/fr\/wp-json\/wp\/v2\/media?parent=1880"}],"wp:term":[{"taxonomy":"product_brand","embeddable":true,"href":"https:\/\/www.unikkern.com\/fr\/wp-json\/wp\/v2\/product_brand?post=1880"},{"taxonomy":"product_cat","embeddable":true,"href":"https:\/\/www.unikkern.com\/fr\/wp-json\/wp\/v2\/product_cat?post=1880"},{"taxonomy":"product_tag","embeddable":true,"href":"https:\/\/www.unikkern.com\/fr\/wp-json\/wp\/v2\/product_tag?post=1880"}],"curies":[{"name":"wp","href":"https:\/\/api.w.org\/{rel}","templated":true}]}}