{"id":1854,"date":"2025-03-06T12:53:15","date_gmt":"2025-03-06T12:53:15","guid":{"rendered":"https:\/\/www.unikkern.com\/?post_type=product&#038;p=1854"},"modified":"2025-03-06T14:17:13","modified_gmt":"2025-03-06T14:17:13","slug":"19-inch-1u-patch-panel-with-24-rj45-keystone-ports","status":"publish","type":"product","link":"https:\/\/www.unikkern.com\/fr\/19-inch-1u-patch-panel-with-24-rj45-keystone-ports\/","title":{"rendered":"PANNEAU DE BRASSAGE 19\" 1U 24 PORTS RJ45 KEYSTONE"},"content":{"rendered":"<p class=\"text\">19-inch patch panel with integrated label holders and rear support bar. Designed to accommodate 24 shielded or<br \/>\nunshielded Keystone jacks.<\/p>\n<p class=\"text\">Fabriqu\u00e9 avec des mat\u00e9riaux de haute qualit\u00e9, il assure une fiabilit\u00e9 \u00e0 long terme.<\/p>\n<p class=\"text\">Made with high-quality materials to ensure reliability over years of use.<\/p>\n<p class=\"text\">L\u2019identification des ports est facilit\u00e9e par des \u00e9tiquettes ou par des num\u00e9ros s\u00e9rigraphi\u00e9s de 1 \u00e0 24<\/p>","protected":false},"excerpt":{"rendered":"<p>KJPP1UBCTEF<\/p>","protected":false},"featured_media":1856,"comment_status":"open","ping_status":"closed","template":"","meta":{"inline_featured_image":false},"product_brand":[],"product_cat":[139,19,65],"product_tag":[86,113],"class_list":{"0":"post-1854","1":"product","2":"type-product","3":"status-publish","4":"has-post-thumbnail","6":"product_cat-patch-panel","7":"product_cat-copper","8":"product_cat-patch-panels","9":"product_tag-86","10":"product_tag-1u","12":"first","13":"instock","14":"shipping-taxable","15":"product-type-simple"},"acf":[],"_links":{"self":[{"href":"https:\/\/www.unikkern.com\/fr\/wp-json\/wp\/v2\/product\/1854","targetHints":{"allow":["GET"]}}],"collection":[{"href":"https:\/\/www.unikkern.com\/fr\/wp-json\/wp\/v2\/product"}],"about":[{"href":"https:\/\/www.unikkern.com\/fr\/wp-json\/wp\/v2\/types\/product"}],"replies":[{"embeddable":true,"href":"https:\/\/www.unikkern.com\/fr\/wp-json\/wp\/v2\/comments?post=1854"}],"wp:featuredmedia":[{"embeddable":true,"href":"https:\/\/www.unikkern.com\/fr\/wp-json\/wp\/v2\/media\/1856"}],"wp:attachment":[{"href":"https:\/\/www.unikkern.com\/fr\/wp-json\/wp\/v2\/media?parent=1854"}],"wp:term":[{"taxonomy":"product_brand","embeddable":true,"href":"https:\/\/www.unikkern.com\/fr\/wp-json\/wp\/v2\/product_brand?post=1854"},{"taxonomy":"product_cat","embeddable":true,"href":"https:\/\/www.unikkern.com\/fr\/wp-json\/wp\/v2\/product_cat?post=1854"},{"taxonomy":"product_tag","embeddable":true,"href":"https:\/\/www.unikkern.com\/fr\/wp-json\/wp\/v2\/product_tag?post=1854"}],"curies":[{"name":"wp","href":"https:\/\/api.w.org\/{rel}","templated":true}]}}