{"id":1757,"date":"2025-01-15T17:12:00","date_gmt":"2025-01-15T17:12:00","guid":{"rendered":"https:\/\/www.unikkern.com\/?post_type=product&#038;p=1757"},"modified":"2025-07-16T10:31:03","modified_gmt":"2025-07-16T10:31:03","slug":"central-tube-universal-indoor-outdoor-lszh-optical-fiber-cable","status":"publish","type":"product","link":"https:\/\/www.unikkern.com\/fr\/central-tube-universal-indooroutdoor-lszh-optical-fiber-cable\/","title":{"rendered":"CABLE FIBRE OPTIQUE TUBE CENTRAL INTERIEUR\/ EXTERIEUR LSZH"},"content":{"rendered":"<p>Notre c\u00e2ble \u00e0 fibres optiques propose une solution performante pour la transmission de donn\u00e9es, tout en offrant\nune protection renforc\u00e9e contre les rongeurs, la p\u00e9n\u00e9tration d\u2019eau et les UVs. Ce c\u00e2ble contient jusqu\u2019\u00e0 24 fibres optiques,\nchacune prot\u00e9g\u00e9e par un tube en PBT cod\u00e9 par couleur pour une identification facile. Le tube central di\u00e9lectrique\nest rempli d\u2019un gel thixotrope bloquant l\u2019eau, garantissant une protection optimale contre l\u2019humidit\u00e9.\nPour renforcer la structure, des filaments fibre de verre sont ajout\u00e9s, et un mat\u00e9riau gonflant \u00e0 sec comble les interstices\npour pr\u00e9venir toute p\u00e9n\u00e9tration d\u2019eau. L\u2019assemblage est suivi d\u2019une gaine ext\u00e9rieure en LSZH r\u00e9sistant aux\nUV, pour une durabilit\u00e9 \u00e0 long terme et permet un usage en int\u00e9rieur.<\/p>","protected":false},"excerpt":{"rendered":"<p>KFOxxxxCTZH<\/p>","protected":false},"featured_media":1799,"comment_status":"open","ping_status":"closed","template":"","meta":{"inline_featured_image":false},"product_brand":[],"product_cat":[68,146,62],"product_tag":[162,99,100,101,102,161],"class_list":{"0":"post-1757","1":"product","2":"type-product","3":"status-publish","4":"has-post-thumbnail","6":"product_cat-optical-cables","7":"product_cat-central-tube-universal","8":"product_cat-fiber","9":"product_tag-os2","10":"product_tag-om3","11":"product_tag-om4","12":"product_tag-om5","13":"product_tag-universal","14":"product_tag-central-tube","15":"optical-fiber-system-optical-cables","17":"first","18":"instock","19":"shipping-taxable","20":"product-type-simple"},"acf":[],"_links":{"self":[{"href":"https:\/\/www.unikkern.com\/fr\/wp-json\/wp\/v2\/product\/1757","targetHints":{"allow":["GET"]}}],"collection":[{"href":"https:\/\/www.unikkern.com\/fr\/wp-json\/wp\/v2\/product"}],"about":[{"href":"https:\/\/www.unikkern.com\/fr\/wp-json\/wp\/v2\/types\/product"}],"replies":[{"embeddable":true,"href":"https:\/\/www.unikkern.com\/fr\/wp-json\/wp\/v2\/comments?post=1757"}],"wp:featuredmedia":[{"embeddable":true,"href":"https:\/\/www.unikkern.com\/fr\/wp-json\/wp\/v2\/media\/1799"}],"wp:attachment":[{"href":"https:\/\/www.unikkern.com\/fr\/wp-json\/wp\/v2\/media?parent=1757"}],"wp:term":[{"taxonomy":"product_brand","embeddable":true,"href":"https:\/\/www.unikkern.com\/fr\/wp-json\/wp\/v2\/product_brand?post=1757"},{"taxonomy":"product_cat","embeddable":true,"href":"https:\/\/www.unikkern.com\/fr\/wp-json\/wp\/v2\/product_cat?post=1757"},{"taxonomy":"product_tag","embeddable":true,"href":"https:\/\/www.unikkern.com\/fr\/wp-json\/wp\/v2\/product_tag?post=1757"}],"curies":[{"name":"wp","href":"https:\/\/api.w.org\/{rel}","templated":true}]}}