{"id":1286,"date":"2023-11-03T13:50:50","date_gmt":"2023-11-03T13:50:50","guid":{"rendered":"https:\/\/www.unikkern.com\/?post_type=product&#038;p=1286"},"modified":"2025-04-23T15:26:58","modified_gmt":"2025-04-23T15:26:58","slug":"19-cable-management-with-brush-1u","status":"publish","type":"product","link":"https:\/\/www.unikkern.com\/fr\/19-cable-management-with-brush-1u\/","title":{"rendered":"PANNEAU 19\" 1U GESTION DE C\u00c2BLE AVEC BALAI"},"content":{"rendered":"<p class=\"text\">Pour am\u00e9liorer l\u2019apparence visuelle des armoires, les panneaux facilitent le routage des cordons de brassage vers et depuis l\u2019arri\u00e8re de l\u2019armoire.<br \/>\nLe panneau balai 1U con\u00e7u dans un style \u00e9l\u00e9gant, \u00e9tablit un itin\u00e9raire d\u00e9sign\u00e9 pour les c\u00e2bles et offre une protection contre l\u2019entr\u00e9e de la poussi\u00e8re.<br \/>\nEn dirigeant pr\u00e9cis\u00e9ment le flux d\u2019air l\u00e0 o\u00f9 il est n\u00e9cessaire, vous pouvez am\u00e9liorer consid\u00e9rablement l\u2019efficacit\u00e9 et la circulation de l\u2019air dans les racks et les armoires.<\/p>","protected":false},"excerpt":{"rendered":"<p>KSBRUSHCEF<\/p>","protected":false},"featured_media":2062,"comment_status":"open","ping_status":"closed","template":"","meta":{"inline_featured_image":false},"product_brand":[],"product_cat":[160,158,63,74],"product_tag":[86,113],"class_list":{"0":"post-1286","1":"product","2":"type-product","3":"status-publish","4":"has-post-thumbnail","6":"product_cat-panel-shelves-drawers-panel-shelves-drawers","7":"product_cat-panel-shelves-drawers","8":"product_cat-racks","9":"product_cat-19-inches-accessories","10":"product_tag-86","11":"product_tag-1u","12":"racks-accessories-19-inches-accessories","14":"first","15":"instock","16":"shipping-taxable","17":"product-type-simple"},"acf":[],"_links":{"self":[{"href":"https:\/\/www.unikkern.com\/fr\/wp-json\/wp\/v2\/product\/1286","targetHints":{"allow":["GET"]}}],"collection":[{"href":"https:\/\/www.unikkern.com\/fr\/wp-json\/wp\/v2\/product"}],"about":[{"href":"https:\/\/www.unikkern.com\/fr\/wp-json\/wp\/v2\/types\/product"}],"replies":[{"embeddable":true,"href":"https:\/\/www.unikkern.com\/fr\/wp-json\/wp\/v2\/comments?post=1286"}],"wp:featuredmedia":[{"embeddable":true,"href":"https:\/\/www.unikkern.com\/fr\/wp-json\/wp\/v2\/media\/2062"}],"wp:attachment":[{"href":"https:\/\/www.unikkern.com\/fr\/wp-json\/wp\/v2\/media?parent=1286"}],"wp:term":[{"taxonomy":"product_brand","embeddable":true,"href":"https:\/\/www.unikkern.com\/fr\/wp-json\/wp\/v2\/product_brand?post=1286"},{"taxonomy":"product_cat","embeddable":true,"href":"https:\/\/www.unikkern.com\/fr\/wp-json\/wp\/v2\/product_cat?post=1286"},{"taxonomy":"product_tag","embeddable":true,"href":"https:\/\/www.unikkern.com\/fr\/wp-json\/wp\/v2\/product_tag?post=1286"}],"curies":[{"name":"wp","href":"https:\/\/api.w.org\/{rel}","templated":true}]}}