{"id":1245,"date":"2023-11-03T09:08:24","date_gmt":"2023-11-03T09:08:24","guid":{"rendered":"https:\/\/www.unikkern.com\/?post_type=product&#038;p=1245"},"modified":"2024-12-30T16:19:06","modified_gmt":"2024-12-30T16:19:06","slug":"24-ports-unloaded-patch-panel-1u","status":"publish","type":"product","link":"https:\/\/www.unikkern.com\/fr\/24-ports-unloaded-patch-panel-1u\/","title":{"rendered":"Panneau de brassage 24 ports 1U"},"content":{"rendered":"<p class=\"text\">Panneau de brassage de 19 pouces avec porte-\u00e9tiquettes int\u00e9gr\u00e9s et barre de support arri\u00e8re. Con\u00e7u pour accueillir 24 embases Keystone blind\u00e9es ou non blind\u00e9es.<\/p>\n<p class=\"text\">Gr\u00e2ce \u00e0 une plaque frontale galvanis\u00e9e, la mise \u00e0 la terre se fait automatiquement par le montage de la face avant qui est en contact avec la baie.<\/p>\n<p class=\"text\">Les mat\u00e9riaux sont de haute qualit\u00e9 pour assurer leur fiabilit\u00e9 pendant des ann\u00e9es.\nLe rep\u00e9rage s\u2019\u00e9ffectue avec les \u00e9tiquettes ou les chiffres s\u00e9rigraphi\u00e9s de 1 \u00e0 24<\/p>","protected":false},"excerpt":{"rendered":"<p>KJPP1UBEF<\/p>","protected":false},"featured_media":861,"comment_status":"open","ping_status":"closed","template":"","meta":{"inline_featured_image":false},"product_brand":[],"product_cat":[139,19,65],"product_tag":[86,113],"class_list":{"0":"post-1245","1":"product","2":"type-product","3":"status-publish","4":"has-post-thumbnail","6":"product_cat-patch-panel","7":"product_cat-copper","8":"product_cat-patch-panels","9":"product_tag-86","10":"product_tag-1u","11":"copper-system-patch-panels","13":"first","14":"instock","15":"shipping-taxable","16":"product-type-simple"},"acf":[],"_links":{"self":[{"href":"https:\/\/www.unikkern.com\/fr\/wp-json\/wp\/v2\/product\/1245","targetHints":{"allow":["GET"]}}],"collection":[{"href":"https:\/\/www.unikkern.com\/fr\/wp-json\/wp\/v2\/product"}],"about":[{"href":"https:\/\/www.unikkern.com\/fr\/wp-json\/wp\/v2\/types\/product"}],"replies":[{"embeddable":true,"href":"https:\/\/www.unikkern.com\/fr\/wp-json\/wp\/v2\/comments?post=1245"}],"wp:featuredmedia":[{"embeddable":true,"href":"https:\/\/www.unikkern.com\/fr\/wp-json\/wp\/v2\/media\/861"}],"wp:attachment":[{"href":"https:\/\/www.unikkern.com\/fr\/wp-json\/wp\/v2\/media?parent=1245"}],"wp:term":[{"taxonomy":"product_brand","embeddable":true,"href":"https:\/\/www.unikkern.com\/fr\/wp-json\/wp\/v2\/product_brand?post=1245"},{"taxonomy":"product_cat","embeddable":true,"href":"https:\/\/www.unikkern.com\/fr\/wp-json\/wp\/v2\/product_cat?post=1245"},{"taxonomy":"product_tag","embeddable":true,"href":"https:\/\/www.unikkern.com\/fr\/wp-json\/wp\/v2\/product_tag?post=1245"}],"curies":[{"name":"wp","href":"https:\/\/api.w.org\/{rel}","templated":true}]}}