{"id":1207,"date":"2023-10-23T12:32:02","date_gmt":"2023-10-23T12:32:02","guid":{"rendered":"https:\/\/www.unikkern.com\/?post_type=product&#038;p=1207"},"modified":"2025-03-05T10:18:19","modified_gmt":"2025-03-05T10:18:19","slug":"patchcord-cat6-u-utp-lszh","status":"publish","type":"product","link":"https:\/\/www.unikkern.com\/fr\/patchcord-cat6-u-utp-lszh\/","title":{"rendered":"CORDONS RJ45 CAT6 U\/UTP LSZH"},"content":{"rendered":"<p class=\"text\">Les cordons de raccordement U\/UTP Cat6 d'Unikkern, test\u00e9s selon les normes ISO 11801, EN 50173 et TIA\/EIA 568, prennent en charge les installations de c\u00e2blage structur\u00e9. Ils sont conformes \u00e0 la norme Cat6, d\u00e9passant les tests de 250Mhz, et assurent une compatibilit\u00e9 ascendante. Disponibles en diff\u00e9rentes longueurs, ces cordons sont dot\u00e9s de manchons  pour la protection des plugs RJ45 et d'une gaine LSZH pour une faible \u00e9mission de fum\u00e9e.<\/p>","protected":false},"excerpt":{"rendered":"<p>KPUU6KZHEFxx<\/p>","protected":false},"featured_media":1209,"comment_status":"open","ping_status":"closed","template":"","meta":{"inline_featured_image":false},"product_brand":[],"product_cat":[19,66,135],"product_tag":[94,112],"class_list":{"0":"post-1207","1":"product","2":"type-product","3":"status-publish","4":"has-post-thumbnail","6":"product_cat-copper","7":"product_cat-rj45-patch-cords","8":"product_cat-rj45-cat6-u-utp","9":"product_tag-cat6","10":"product_tag-unshielded","11":"copper-system-rj45-patch-cords","13":"first","14":"instock","15":"shipping-taxable","16":"product-type-simple"},"acf":[],"_links":{"self":[{"href":"https:\/\/www.unikkern.com\/fr\/wp-json\/wp\/v2\/product\/1207","targetHints":{"allow":["GET"]}}],"collection":[{"href":"https:\/\/www.unikkern.com\/fr\/wp-json\/wp\/v2\/product"}],"about":[{"href":"https:\/\/www.unikkern.com\/fr\/wp-json\/wp\/v2\/types\/product"}],"replies":[{"embeddable":true,"href":"https:\/\/www.unikkern.com\/fr\/wp-json\/wp\/v2\/comments?post=1207"}],"wp:featuredmedia":[{"embeddable":true,"href":"https:\/\/www.unikkern.com\/fr\/wp-json\/wp\/v2\/media\/1209"}],"wp:attachment":[{"href":"https:\/\/www.unikkern.com\/fr\/wp-json\/wp\/v2\/media?parent=1207"}],"wp:term":[{"taxonomy":"product_brand","embeddable":true,"href":"https:\/\/www.unikkern.com\/fr\/wp-json\/wp\/v2\/product_brand?post=1207"},{"taxonomy":"product_cat","embeddable":true,"href":"https:\/\/www.unikkern.com\/fr\/wp-json\/wp\/v2\/product_cat?post=1207"},{"taxonomy":"product_tag","embeddable":true,"href":"https:\/\/www.unikkern.com\/fr\/wp-json\/wp\/v2\/product_tag?post=1207"}],"curies":[{"name":"wp","href":"https:\/\/api.w.org\/{rel}","templated":true}]}}