{"id":1180,"date":"2023-10-23T11:23:30","date_gmt":"2023-10-23T11:23:30","guid":{"rendered":"https:\/\/www.unikkern.com\/?post_type=product&#038;p=1180"},"modified":"2025-07-01T15:15:06","modified_gmt":"2025-07-01T15:15:06","slug":"keystone-jack-cat6-rj45-shielded","status":"publish","type":"product","link":"https:\/\/www.unikkern.com\/fr\/keystone-jack-cat6-rj45-shielded\/","title":{"rendered":"EMBASE KEYSTONE CAT6 RJ45 BLIND\u00c9"},"content":{"rendered":"<p>The Unikkern Keystone Cat6 360\u00b0 shielded jack, is made from die-cast Zinc-alloy, providing superior electrical<br \/>\nperformance. In Class E testing, it exhibits excellent margins for both Near-End Crosstalk (NEXT) and Return Loss,<br \/>\nNear-End Crosstalk (NEXT) et la perte de retour (RL), en particulier lorsqu\u2019il est utilis\u00e9 avec des c\u00e2bles standardis\u00e9s.<\/p>\n<p>Avec sa forme standard et sa taille compacte de 33,6 mm (volet compris), ce connecteur Keystone est compatible<br \/>\navec tous les accessoires existants sur le march\u00e9.<\/p>","protected":false},"excerpt":{"rendered":"<p>KJ6FSHQEFx<\/p>","protected":false},"featured_media":1905,"comment_status":"open","ping_status":"closed","template":"","meta":{"inline_featured_image":false},"product_brand":[],"product_cat":[19,64,128],"product_tag":[88,104,105],"class_list":{"0":"post-1180","1":"product","2":"type-product","3":"status-publish","4":"has-post-thumbnail","6":"product_cat-copper","7":"product_cat-keystone-jacks","8":"product_cat-keystone-cat6","9":"product_tag-cat6a","10":"product_tag-tooless","11":"product_tag-shielded","12":"copper-system-keystone-jacks","14":"first","15":"instock","16":"shipping-taxable","17":"product-type-simple"},"acf":[],"_links":{"self":[{"href":"https:\/\/www.unikkern.com\/fr\/wp-json\/wp\/v2\/product\/1180","targetHints":{"allow":["GET"]}}],"collection":[{"href":"https:\/\/www.unikkern.com\/fr\/wp-json\/wp\/v2\/product"}],"about":[{"href":"https:\/\/www.unikkern.com\/fr\/wp-json\/wp\/v2\/types\/product"}],"replies":[{"embeddable":true,"href":"https:\/\/www.unikkern.com\/fr\/wp-json\/wp\/v2\/comments?post=1180"}],"wp:featuredmedia":[{"embeddable":true,"href":"https:\/\/www.unikkern.com\/fr\/wp-json\/wp\/v2\/media\/1905"}],"wp:attachment":[{"href":"https:\/\/www.unikkern.com\/fr\/wp-json\/wp\/v2\/media?parent=1180"}],"wp:term":[{"taxonomy":"product_brand","embeddable":true,"href":"https:\/\/www.unikkern.com\/fr\/wp-json\/wp\/v2\/product_brand?post=1180"},{"taxonomy":"product_cat","embeddable":true,"href":"https:\/\/www.unikkern.com\/fr\/wp-json\/wp\/v2\/product_cat?post=1180"},{"taxonomy":"product_tag","embeddable":true,"href":"https:\/\/www.unikkern.com\/fr\/wp-json\/wp\/v2\/product_tag?post=1180"}],"curies":[{"name":"wp","href":"https:\/\/api.w.org\/{rel}","templated":true}]}}