{"id":1168,"date":"2023-10-23T10:45:38","date_gmt":"2023-10-23T10:45:38","guid":{"rendered":"https:\/\/www.unikkern.com\/?post_type=product&#038;p=1168"},"modified":"2026-02-25T14:41:52","modified_gmt":"2026-02-25T14:41:52","slug":"keystone-jack-cat6a-rj45","status":"publish","type":"product","link":"https:\/\/www.unikkern.com\/fr\/keystone-jack-cat6a-rj45\/","title":{"rendered":"EMBASE KEYSTONE CAT6A RJ45 BLIND\u00c9"},"content":{"rendered":"<p class=\"text\">Le connecteur Keystone Unikkern Cat6a blind\u00e9 \u00e0 360\u00b0, est fabriqu\u00e9 en alliage de zinc moul\u00e9 sous pression, offrant<br \/>\nune performance \u00e9lectrique sup\u00e9rieure. Lors des tests de Classe Ea, il affiche d\u2019excellentes marges \u00e0 la fois pour le<br \/>\nNear-End Crosstalk (NEXT) et la perte de retour (RL), en particulier lorsqu\u2019il est utilis\u00e9 avec des c\u00e2bles standardis\u00e9s.<br \/>\nTwo insert bars are included with the keystone for selection based on the cable type, ensuring accurate and comfortable<br \/>\ntermination. A specially designed orange insert bar allows for the connection of large-diameter wires and<br \/>\noffers enhanced transverse strength distribution.<br \/>\nAvec sa forme standard et sa taille compacte de 33,6 mm (volet compris), ce connecteur Keystone est compatible<br \/>\navec tous les accessoires existants sur le march\u00e9.<\/p>","protected":false},"excerpt":{"rendered":"<p>KJ6AFSHQEFx<\/p>","protected":false},"featured_media":2628,"comment_status":"open","ping_status":"closed","template":"","meta":{"inline_featured_image":false},"product_brand":[],"product_cat":[19,64,129],"product_tag":[88,104,105],"class_list":{"0":"post-1168","1":"product","2":"type-product","3":"status-publish","4":"has-post-thumbnail","6":"product_cat-copper","7":"product_cat-keystone-jacks","8":"product_cat-keystone-cat6a","9":"product_tag-cat6a","10":"product_tag-tooless","11":"product_tag-shielded","12":"copper-system-keystone-jacks","14":"first","15":"instock","16":"shipping-taxable","17":"product-type-simple"},"acf":[],"_links":{"self":[{"href":"https:\/\/www.unikkern.com\/fr\/wp-json\/wp\/v2\/product\/1168","targetHints":{"allow":["GET"]}}],"collection":[{"href":"https:\/\/www.unikkern.com\/fr\/wp-json\/wp\/v2\/product"}],"about":[{"href":"https:\/\/www.unikkern.com\/fr\/wp-json\/wp\/v2\/types\/product"}],"replies":[{"embeddable":true,"href":"https:\/\/www.unikkern.com\/fr\/wp-json\/wp\/v2\/comments?post=1168"}],"wp:featuredmedia":[{"embeddable":true,"href":"https:\/\/www.unikkern.com\/fr\/wp-json\/wp\/v2\/media\/2628"}],"wp:attachment":[{"href":"https:\/\/www.unikkern.com\/fr\/wp-json\/wp\/v2\/media?parent=1168"}],"wp:term":[{"taxonomy":"product_brand","embeddable":true,"href":"https:\/\/www.unikkern.com\/fr\/wp-json\/wp\/v2\/product_brand?post=1168"},{"taxonomy":"product_cat","embeddable":true,"href":"https:\/\/www.unikkern.com\/fr\/wp-json\/wp\/v2\/product_cat?post=1168"},{"taxonomy":"product_tag","embeddable":true,"href":"https:\/\/www.unikkern.com\/fr\/wp-json\/wp\/v2\/product_tag?post=1168"}],"curies":[{"name":"wp","href":"https:\/\/api.w.org\/{rel}","templated":true}]}}