{"id":1158,"date":"2023-10-23T09:21:05","date_gmt":"2023-10-23T09:21:05","guid":{"rendered":"https:\/\/www.unikkern.com\/?post_type=product&#038;p=1158"},"modified":"2025-03-14T09:39:09","modified_gmt":"2025-03-14T09:39:09","slug":"cat6a-cable-u-ftp-awg23-lszh","status":"publish","type":"product","link":"https:\/\/www.unikkern.com\/fr\/cat6a-cable-u-ftp-awg23-lszh\/","title":{"rendered":"C\u00c2BLE CAT6A U\/FTP AWG23 LSZH"},"content":{"rendered":"<p class=\"text\">Ce c\u00e2ble Cat6a d\u00e9passe les normes de l'industrie.<\/p>\n<p class=\"text\">The individually shielded U\/FTP cable is available in various packaging options. It supports a Class EA link performance up to 90m, ideal for applications like 10GBASE-T and Power Over Ethernet (PoE).<br \/>\nThe cable includes four pairs, each individually wrapped in an aluminum\/polyester tape for effective shielding.<\/p>\n<p class=\"text\">La gaine LSZH (Low Smoke Zero Halogen) du c\u00e2ble est r\u00e9sistante au feu et \u00e9met un minimum de fum\u00e9e, r\u00e9pondant aux normes CPR Dca, Cca ou B2ca.<\/p>","protected":false},"excerpt":{"rendered":"<p>KCUF6AxPZH<\/p>","protected":false},"featured_media":1162,"comment_status":"open","ping_status":"closed","template":"","meta":{"inline_featured_image":false},"product_brand":[],"product_cat":[61,19,119],"product_tag":[88,111],"class_list":{"0":"post-1158","1":"product","2":"type-product","3":"status-publish","4":"has-post-thumbnail","6":"product_cat-data-cable","7":"product_cat-copper","8":"product_cat-solid-cable-cat6a","9":"product_tag-cat6a","10":"product_tag-u-ftp","11":"copper-system-data-cables","13":"first","14":"instock","15":"shipping-taxable","16":"product-type-simple"},"acf":[],"_links":{"self":[{"href":"https:\/\/www.unikkern.com\/fr\/wp-json\/wp\/v2\/product\/1158","targetHints":{"allow":["GET"]}}],"collection":[{"href":"https:\/\/www.unikkern.com\/fr\/wp-json\/wp\/v2\/product"}],"about":[{"href":"https:\/\/www.unikkern.com\/fr\/wp-json\/wp\/v2\/types\/product"}],"replies":[{"embeddable":true,"href":"https:\/\/www.unikkern.com\/fr\/wp-json\/wp\/v2\/comments?post=1158"}],"wp:featuredmedia":[{"embeddable":true,"href":"https:\/\/www.unikkern.com\/fr\/wp-json\/wp\/v2\/media\/1162"}],"wp:attachment":[{"href":"https:\/\/www.unikkern.com\/fr\/wp-json\/wp\/v2\/media?parent=1158"}],"wp:term":[{"taxonomy":"product_brand","embeddable":true,"href":"https:\/\/www.unikkern.com\/fr\/wp-json\/wp\/v2\/product_brand?post=1158"},{"taxonomy":"product_cat","embeddable":true,"href":"https:\/\/www.unikkern.com\/fr\/wp-json\/wp\/v2\/product_cat?post=1158"},{"taxonomy":"product_tag","embeddable":true,"href":"https:\/\/www.unikkern.com\/fr\/wp-json\/wp\/v2\/product_tag?post=1158"}],"curies":[{"name":"wp","href":"https:\/\/api.w.org\/{rel}","templated":true}]}}