{"id":1063,"date":"2023-10-05T14:00:24","date_gmt":"2023-10-05T14:00:24","guid":{"rendered":"https:\/\/www.unikkern.com\/?post_type=product&#038;p=1063"},"modified":"2025-03-07T13:15:58","modified_gmt":"2025-03-07T13:15:58","slug":"cat6-cable-u-utp-awg24-lszh","status":"publish","type":"product","link":"https:\/\/www.unikkern.com\/fr\/cat6-cable-u-utp-awg24-lszh\/","title":{"rendered":"C\u00c2BLE CAT6 U\/UTP AWG24 LSZH"},"content":{"rendered":"<p class=\"text\">Conforme aux normes TIA\/EIA 568-B.2-1, EN50173-1 et ISO\/IEC 11801 Cat6, le c\u00e2ble Unikkern Cat6 U\/UTP AWG24 est la garantie d'une fiabilit\u00e9 exceptionnelle pour vos infrastructures en cuivre. Disponible en longueurs de 305m, 500m et 1000m, il excelle dans la performance de liaison jusqu'\u00e0 90m. Cette performance est le fruit de la technologie avanc\u00e9e d'Unikkern en mati\u00e8re d'assemblage des conducteurs, rendant le c\u00e2ble id\u00e9al pour des applications telles que 1G BASE T, 2.5G BASE T et 5G BASE T.<\/p>\n<p class=\"text\">Gain\u00e9 avec du LSZH r\u00e9pondant aux Euroclasses CPR Dca, Cca ou B2ca, ce c\u00e2ble se distingue par sa flexibilit\u00e9 et son diam\u00e8tre ext\u00e9rieur r\u00e9duit, facilitant l'installation dans des espaces o\u00f9 la place est limit\u00e9e.<\/p>","protected":false},"excerpt":{"rendered":"<p>KCU6xPLZH<\/p>","protected":false},"featured_media":1750,"comment_status":"open","ping_status":"closed","template":"","meta":{"inline_featured_image":false},"product_brand":[],"product_cat":[61,19,118],"product_tag":[94,97,108],"class_list":{"0":"post-1063","1":"product","2":"type-product","3":"status-publish","4":"has-post-thumbnail","6":"product_cat-data-cable","7":"product_cat-copper","8":"product_cat-solid-cable-cat6","9":"product_tag-cat6","10":"product_tag-u-utp","11":"product_tag-etl","12":"copper-system-data-cables","14":"first","15":"instock","16":"shipping-taxable","17":"product-type-simple"},"acf":[],"_links":{"self":[{"href":"https:\/\/www.unikkern.com\/fr\/wp-json\/wp\/v2\/product\/1063","targetHints":{"allow":["GET"]}}],"collection":[{"href":"https:\/\/www.unikkern.com\/fr\/wp-json\/wp\/v2\/product"}],"about":[{"href":"https:\/\/www.unikkern.com\/fr\/wp-json\/wp\/v2\/types\/product"}],"replies":[{"embeddable":true,"href":"https:\/\/www.unikkern.com\/fr\/wp-json\/wp\/v2\/comments?post=1063"}],"wp:featuredmedia":[{"embeddable":true,"href":"https:\/\/www.unikkern.com\/fr\/wp-json\/wp\/v2\/media\/1750"}],"wp:attachment":[{"href":"https:\/\/www.unikkern.com\/fr\/wp-json\/wp\/v2\/media?parent=1063"}],"wp:term":[{"taxonomy":"product_brand","embeddable":true,"href":"https:\/\/www.unikkern.com\/fr\/wp-json\/wp\/v2\/product_brand?post=1063"},{"taxonomy":"product_cat","embeddable":true,"href":"https:\/\/www.unikkern.com\/fr\/wp-json\/wp\/v2\/product_cat?post=1063"},{"taxonomy":"product_tag","embeddable":true,"href":"https:\/\/www.unikkern.com\/fr\/wp-json\/wp\/v2\/product_tag?post=1063"}],"curies":[{"name":"wp","href":"https:\/\/api.w.org\/{rel}","templated":true}]}}