{"id":1049,"date":"2023-10-05T12:12:37","date_gmt":"2023-10-05T12:12:37","guid":{"rendered":"https:\/\/www.unikkern.com\/?post_type=product&#038;p=1049"},"modified":"2025-12-09T15:46:18","modified_gmt":"2025-12-09T15:46:18","slug":"cat6-cable-f-utp-awg23-lszh","status":"publish","type":"product","link":"https:\/\/www.unikkern.com\/fr\/cat6-cable-f-utp-awg23-lszh\/","title":{"rendered":"CAT6 CABLE F\/UTP AWG23 LSZH Dca"},"content":{"rendered":"<p class=\"text\">Ce c\u00e2ble Cat6 de haute qualit\u00e9 d\u00e9passe les normes de l'industrie. Le c\u00e2ble F\/UTP est disponible dans diverses options de conditionnement, offrant des performances exceptionnelles pour l'infrastructure en cuivre.<\/p>\n<p class=\"text\">It supports Class E link performance up to 90m, making it ideal for applications like 1G BASE T, 2.5G BASE T, or 5G BASE T.<br \/>\nThe cable includes four pairs, assembled around a PE cross and covered with a comprehensive aluminum\/polyester tape.<\/p>\n<p class=\"text\">Sa gaine LSZH (Low Smoke Zero Halogen) est r\u00e9sistante au feu et \u00e9met un minimum de fum\u00e9e, r\u00e9pondant aux normes CPR Dca. Ceci assure une performance fiable et une s\u00e9curit\u00e9 dans diverses applications r\u00e9seaux.<\/p>","protected":false},"excerpt":{"rendered":"<p>KCFU6xPZHD<\/p>","protected":false},"featured_media":1052,"comment_status":"open","ping_status":"closed","template":"","meta":{"inline_featured_image":false},"product_brand":[],"product_cat":[61,19,118],"product_tag":[94,95],"class_list":{"0":"post-1049","1":"product","2":"type-product","3":"status-publish","4":"has-post-thumbnail","6":"product_cat-data-cable","7":"product_cat-copper","8":"product_cat-solid-cable-cat6","9":"product_tag-cat6","10":"product_tag-f-utp","11":"copper-system-data-cables","13":"first","14":"instock","15":"shipping-taxable","16":"product-type-simple"},"acf":[],"_links":{"self":[{"href":"https:\/\/www.unikkern.com\/fr\/wp-json\/wp\/v2\/product\/1049","targetHints":{"allow":["GET"]}}],"collection":[{"href":"https:\/\/www.unikkern.com\/fr\/wp-json\/wp\/v2\/product"}],"about":[{"href":"https:\/\/www.unikkern.com\/fr\/wp-json\/wp\/v2\/types\/product"}],"replies":[{"embeddable":true,"href":"https:\/\/www.unikkern.com\/fr\/wp-json\/wp\/v2\/comments?post=1049"}],"wp:featuredmedia":[{"embeddable":true,"href":"https:\/\/www.unikkern.com\/fr\/wp-json\/wp\/v2\/media\/1052"}],"wp:attachment":[{"href":"https:\/\/www.unikkern.com\/fr\/wp-json\/wp\/v2\/media?parent=1049"}],"wp:term":[{"taxonomy":"product_brand","embeddable":true,"href":"https:\/\/www.unikkern.com\/fr\/wp-json\/wp\/v2\/product_brand?post=1049"},{"taxonomy":"product_cat","embeddable":true,"href":"https:\/\/www.unikkern.com\/fr\/wp-json\/wp\/v2\/product_cat?post=1049"},{"taxonomy":"product_tag","embeddable":true,"href":"https:\/\/www.unikkern.com\/fr\/wp-json\/wp\/v2\/product_tag?post=1049"}],"curies":[{"name":"wp","href":"https:\/\/api.w.org\/{rel}","templated":true}]}}