{"id":1027,"date":"2023-10-05T09:16:10","date_gmt":"2023-10-05T09:16:10","guid":{"rendered":"https:\/\/www.unikkern.com\/?post_type=product&#038;p=1027"},"modified":"2025-12-09T14:32:16","modified_gmt":"2025-12-09T14:32:16","slug":"cat6a-cable-f-ftp-awg23-lszh","status":"publish","type":"product","link":"https:\/\/www.unikkern.com\/fr\/cat6a-cable-f-ftp-awg23-lszh\/","title":{"rendered":"C\u00c2BLE CAT6A F\/FTP AWG23 LSZH"},"content":{"rendered":"<p class=\"text\">Ce c\u00e2ble Cat6a d\u00e9passe les normes de l'industrie.<\/p>\n<p class=\"text\">The individually shielded F\/FTP cable is available in various packaging options. It supports a Class EA link performance up to 90m, ideal for applications like 10GBASE-T and Power Over Ethernet (PoE).<br \/>\nThe cable includes four pairs, each individually wrapped in an aluminum\/polyester tape for effective shielding.<\/p>\n<p class=\"text\">Les longueurs vari\u00e9es des paires optimisent la performance, et un blindage en aluminium complet suppl\u00e9mentaire offre une protection suppl\u00e9mentaire. La gaine LSZH (Low Smoke Zero Halogen) du c\u00e2ble est r\u00e9sistante au feu et \u00e9met un minimum de fum\u00e9e, r\u00e9pondant aux normes CPR Dca, Cca ou B2ca.<\/p>","protected":false},"excerpt":{"rendered":"<p>KCFF6AxPZH<\/p>","protected":false},"featured_media":1047,"comment_status":"open","ping_status":"closed","template":"","meta":{"inline_featured_image":false},"product_brand":[],"product_cat":[61,19,119],"product_tag":[88,91,108],"class_list":{"0":"post-1027","1":"product","2":"type-product","3":"status-publish","4":"has-post-thumbnail","6":"product_cat-data-cable","7":"product_cat-copper","8":"product_cat-solid-cable-cat6a","9":"product_tag-cat6a","10":"product_tag-f-ftp","11":"product_tag-etl","12":"copper-system-data-cables","14":"first","15":"instock","16":"shipping-taxable","17":"product-type-simple"},"acf":[],"_links":{"self":[{"href":"https:\/\/www.unikkern.com\/fr\/wp-json\/wp\/v2\/product\/1027","targetHints":{"allow":["GET"]}}],"collection":[{"href":"https:\/\/www.unikkern.com\/fr\/wp-json\/wp\/v2\/product"}],"about":[{"href":"https:\/\/www.unikkern.com\/fr\/wp-json\/wp\/v2\/types\/product"}],"replies":[{"embeddable":true,"href":"https:\/\/www.unikkern.com\/fr\/wp-json\/wp\/v2\/comments?post=1027"}],"wp:featuredmedia":[{"embeddable":true,"href":"https:\/\/www.unikkern.com\/fr\/wp-json\/wp\/v2\/media\/1047"}],"wp:attachment":[{"href":"https:\/\/www.unikkern.com\/fr\/wp-json\/wp\/v2\/media?parent=1027"}],"wp:term":[{"taxonomy":"product_brand","embeddable":true,"href":"https:\/\/www.unikkern.com\/fr\/wp-json\/wp\/v2\/product_brand?post=1027"},{"taxonomy":"product_cat","embeddable":true,"href":"https:\/\/www.unikkern.com\/fr\/wp-json\/wp\/v2\/product_cat?post=1027"},{"taxonomy":"product_tag","embeddable":true,"href":"https:\/\/www.unikkern.com\/fr\/wp-json\/wp\/v2\/product_tag?post=1027"}],"curies":[{"name":"wp","href":"https:\/\/api.w.org\/{rel}","templated":true}]}}