{"id":1547,"date":"2024-12-08T15:37:43","date_gmt":"2024-12-08T15:37:43","guid":{"rendered":"https:\/\/www.unikkern.com\/?page_id=1547"},"modified":"2024-12-30T13:21:44","modified_gmt":"2024-12-30T13:21:44","slug":"conditions-generales-dutilisation","status":"publish","type":"page","link":"https:\/\/www.unikkern.com\/fr\/conditions-generales-dutilisation\/","title":{"rendered":"Conditions G\u00e9n\u00e9rales d\u2019Utilisation"},"content":{"rendered":"<h2><strong>Conditions G\u00e9n\u00e9rales d\u2019Utilisation (CGU)<\/strong><\/h2>\n<p><strong>\u00a0<\/strong><\/p>\n<p>La soci\u00e9t\u00e9 <strong>Syskern<\/strong>, soci\u00e9t\u00e9 par actions simplifi\u00e9e immatricul\u00e9e au <strong>RCS de Paris, sous le num\u00e9ro 929 292 076<\/strong>, dont le si\u00e8ge social est situ\u00e9 au <strong>31 rue Tronchet, 75008 Paris, France<\/strong> (ci-apr\u00e8s \u00ab l\u2019Entreprise \u00bb), \u00e9dite et exploite le site internet accessible \u00e0 l\u2019adresse\u00a0<a href=\"http:\/\/www.unikkern.com\/fr\/\"><strong>www.unikkern.com<\/strong><\/a>\u00a0(ci-apr\u00e8s le \u00ab Site \u00bb).<\/p>\n<p>Le Site est d\u00e9di\u00e9 \u00e0 la pr\u00e9sentation des solutions de c\u00e2blage structur\u00e9 et autres services fournis par <strong>Unikkern<\/strong> \u00e0 destination de <strong>clients professionnels<\/strong> (ci-apr\u00e8s \u00ab les Clients \u00bb).<\/p>\n<p><strong>\u00a0<\/strong><\/p>\n<p><strong>TOUTE UTILISATION DU SITE IMPLIQUE L&#8217;ACCEPTATION SANS R\u00c9SERVE PAR L&#8217;UTILISATEUR DES PR\u00c9SENTES CONDITIONS G\u00c9N\u00c9RALES D&#8217;UTILISATION (CGU).<\/strong><\/p>\n<p><strong>1. Objet des Conditions G\u00e9n\u00e9rales d\u2019Utilisation<\/strong><\/p>\n<p>Les pr\u00e9sentes CGU ont pour objet de fixer les droits et obligations des Parties concernant l\u2019utilisation du Site et des services qui y sont propos\u00e9s.<\/p>\n<p><strong>2. D\u00e9finitions<\/strong><\/p>\n<ul>\n<li><strong>Contenu<\/strong> : Ensemble des informations, textes, logos, marques, photos, donn\u00e9es, et autres \u00e9l\u00e9ments disponibles sur le Site.<\/li>\n<li><strong>Donn\u00e9es \u00e0 caract\u00e8re personnel<\/strong> : Toute information permettant d\u2019identifier directement ou indirectement une personne physique.<\/li>\n<li><strong>Parties<\/strong> : Ensemble d\u00e9signant l&#8217;Entreprise et l&#8217;Utilisateur.<\/li>\n<li><strong>Utilisateur<\/strong> : Toute personne acc\u00e9dant et utilisant le Site, quel que soit le moyen utilis\u00e9.<\/li>\n<\/ul>\n<p><strong>3. Acceptation des CGU<\/strong><\/p>\n<p>En acc\u00e9dant ou en utilisant le Site, l\u2019Utilisateur accepte sans r\u00e9serve les pr\u00e9sentes CGU. Si l&#8217;Utilisateur n&#8217;accepte pas les CGU, il ne doit ni acc\u00e9der, ni utiliser le Site.<\/p>\n<p><strong>4. Sp\u00e9cifications techniques<\/strong><\/p>\n<p>L\u2019Utilisateur reconna\u00eet disposer des moyens techniques n\u00e9cessaires pour acc\u00e9der et utiliser le Site, dont les frais sont \u00e0 sa charge. Il est responsable des t\u00e9l\u00e9communications et de la s\u00e9curit\u00e9 de ses propres syst\u00e8mes.<\/p>\n<p><strong>5. Obligations des Parties<\/strong><\/p>\n<p><strong>5.1. Obligations des Utilisateurs :<\/strong><br \/>\nL\u2019Utilisateur s\u2019engage \u00e0 :<\/p>\n<ul>\n<li>Utiliser le Site de mani\u00e8re loyale et licite,<\/li>\n<li>Ne pas usurper d&#8217;identit\u00e9 ou fournir de fausses informations,<\/li>\n<li>Ne pas perturber le fonctionnement du Site ou tenter d&#8217;en enfreindre la s\u00e9curit\u00e9,<\/li>\n<li>Respecter les droits de propri\u00e9t\u00e9 intellectuelle de l&#8217;Entreprise.<\/li>\n<\/ul>\n<p><strong>5.2. Obligations de l&#8217;Entreprise :<\/strong><br \/>\nL\u2019Entreprise s\u2019engage \u00e0 mettre en \u0153uvre des moyens pour permettre l&#8217;acc\u00e8s et l\u2019utilisation du Site, mais ne garantit pas une disponibilit\u00e9 continue et peut suspendre temporairement le Site pour maintenance.<\/p>\n<p><strong>6. Responsabilit\u00e9<\/strong><\/p>\n<p>L&#8217;Utilisateur est seul responsable de l\u2019utilisation qu\u2019il fait du Site. L&#8217;Entreprise ne saurait \u00eatre tenue responsable en cas de :<\/p>\n<ul>\n<li>Impossibilit\u00e9 temporaire d&#8217;acc\u00e8s au Site,<\/li>\n<li>Dysfonctionnement du r\u00e9seau Internet ou intrusion illicite,<\/li>\n<li>Usage illicite ou anormal du Site.<\/li>\n<\/ul>\n<p><strong>7. Force majeure<\/strong><\/p>\n<p>L&#8217;Entreprise ne peut \u00eatre tenue pour responsable en cas de force majeure, c&#8217;est-\u00e0-dire tout \u00e9v\u00e9nement impr\u00e9visible et \u00e9chappant \u00e0 son contr\u00f4le qui emp\u00eache l&#8217;ex\u00e9cution de ses obligations.<\/p>\n<p><strong>8. Propri\u00e9t\u00e9 intellectuelle<\/strong><\/p>\n<p>Le Site et son contenu sont prot\u00e9g\u00e9s par des droits de propri\u00e9t\u00e9 intellectuelle appartenant \u00e0 <strong>l&#8217;Entreprise<\/strong> ou \u00e0 des tiers ayant autoris\u00e9 l\u2019Entreprise \u00e0 les utiliser. Toute reproduction, modification, ou exploitation non autoris\u00e9e est strictement interdite.<\/p>\n<p><strong>9. Protection des donn\u00e9es \u00e0 caract\u00e8re personnel<\/strong><\/p>\n<p>La gestion des donn\u00e9es personnelles est r\u00e9gie par la <strong>Politique de Confidentialit\u00e9<\/strong> disponible sur le Site. Concernant les cookies, l\u2019Utilisateur est invit\u00e9 \u00e0 consulter la <strong>Charte Cookies<\/strong>.<\/p>\n<p><strong>10. Liens hypertextes<\/strong><\/p>\n<p>Toute cr\u00e9ation de liens vers le Site doit \u00eatre autoris\u00e9e par l&#8217;Entreprise. L\u2019Entreprise n\u2019est pas responsable des sites tiers accessibles via des liens pr\u00e9sents sur le Site.<\/p>\n<p><strong>11. Validit\u00e9 des CGU<\/strong><\/p>\n<p>Si l&#8217;une des dispositions des CGU est jug\u00e9e invalide, les autres dispositions resteront en vigueur.<\/p>\n<p><strong>12. Modification des CGU<\/strong><\/p>\n<p>L\u2019Entreprise se r\u00e9serve le droit de modifier \u00e0 tout moment les pr\u00e9sentes CGU. Il est conseill\u00e9 aux Utilisateurs de consulter r\u00e9guli\u00e8rement les CGU pour prendre connaissance des \u00e9ventuelles modifications.<\/p>\n<p><strong>13. Loi applicable et tribunaux comp\u00e9tents<\/strong><\/p>\n<p>Les pr\u00e9sentes CGU sont soumises au droit fran\u00e7ais. En cas de litige non r\u00e9solu \u00e0 l&#8217;amiable, les tribunaux de <strong>Paris<\/strong> seront comp\u00e9tents.<\/p>\n<p>&nbsp;<\/p>\n<p>La Direction.<\/p>","protected":false},"excerpt":{"rendered":"<p>Conditions G\u00e9n\u00e9rales d\u2019Utilisation (CGU) \u00a0 La soci\u00e9t\u00e9 Syskern, soci\u00e9t\u00e9 par actions simplifi\u00e9e immatricul\u00e9e au RCS de Paris, sous le num\u00e9ro 929 292 076, dont le si\u00e8ge social est situ\u00e9 au 31 rue Tronchet, 75008 Paris, France (ci-apr\u00e8s \u00ab l\u2019Entreprise \u00bb), \u00e9dite et exploite le site internet accessible \u00e0 l\u2019adresse\u00a0www.unikkern.com\u00a0(ci-apr\u00e8s le \u00ab Site \u00bb). Le Site [&hellip;]<\/p>\n","protected":false},"author":1,"featured_media":234,"parent":0,"menu_order":0,"comment_status":"closed","ping_status":"closed","template":"tpl-pages.php","meta":{"inline_featured_image":false,"footnotes":""},"class_list":["post-1547","page","type-page","status-publish","has-post-thumbnail","hentry"],"acf":[],"_links":{"self":[{"href":"https:\/\/www.unikkern.com\/fr\/wp-json\/wp\/v2\/pages\/1547","targetHints":{"allow":["GET"]}}],"collection":[{"href":"https:\/\/www.unikkern.com\/fr\/wp-json\/wp\/v2\/pages"}],"about":[{"href":"https:\/\/www.unikkern.com\/fr\/wp-json\/wp\/v2\/types\/page"}],"author":[{"embeddable":true,"href":"https:\/\/www.unikkern.com\/fr\/wp-json\/wp\/v2\/users\/1"}],"replies":[{"embeddable":true,"href":"https:\/\/www.unikkern.com\/fr\/wp-json\/wp\/v2\/comments?post=1547"}],"version-history":[{"count":9,"href":"https:\/\/www.unikkern.com\/fr\/wp-json\/wp\/v2\/pages\/1547\/revisions"}],"predecessor-version":[{"id":1738,"href":"https:\/\/www.unikkern.com\/fr\/wp-json\/wp\/v2\/pages\/1547\/revisions\/1738"}],"wp:featuredmedia":[{"embeddable":true,"href":"https:\/\/www.unikkern.com\/fr\/wp-json\/wp\/v2\/media\/234"}],"wp:attachment":[{"href":"https:\/\/www.unikkern.com\/fr\/wp-json\/wp\/v2\/media?parent=1547"}],"curies":[{"name":"wp","href":"https:\/\/api.w.org\/{rel}","templated":true}]}}