{"id":1543,"date":"2024-12-06T08:09:07","date_gmt":"2024-12-06T08:09:07","guid":{"rendered":"https:\/\/www.unikkern.com\/?page_id=1543"},"modified":"2024-12-30T12:35:45","modified_gmt":"2024-12-30T12:35:45","slug":"mentions-legales","status":"publish","type":"page","link":"https:\/\/www.unikkern.com\/fr\/mentions-legales\/","title":{"rendered":"Mentions L\u00e9gales"},"content":{"rendered":"<p><strong>Last updated:<\/strong><strong> 22<\/strong><strong>\/10\/2024<\/strong><\/p>\n<p><strong>Mentions L\u00e9gales<\/strong><\/p>\n<p><strong>\u00a0<\/strong><\/p>\n<h3>\u00c9diteur du site<\/h3>\n<p><strong>Syskern<\/strong><\/p>\n<p>Soci\u00e9t\u00e9 par actions simplifi\u00e9e (Soci\u00e9t\u00e9 \u00e0 associ\u00e9 unique) au capital social de <strong>5 000 \u20ac<\/strong>, enregistr\u00e9e au <strong>Registre du Commerce et des Soci\u00e9t\u00e9s de Paris<\/strong> sous le num\u00e9ro <strong>929 292 076 R.C.S. Paris<\/strong>.<\/p>\n<p>Si\u00e8ge social : <strong>31 rue Tronchet, 75008 Paris, France<\/strong>.<br \/>\nNum\u00e9ro de TVA Intracommunautaire : <strong>FR16929292076<\/strong><br \/>\nT\u00e9l\u00e9phone : <strong>+33 (0)1 83 64 47 70<\/strong><br \/>\nEmail : <a href=\"mailto:contact@syskern.com\">contact@syskern.com<\/a><\/p>\n<p>&nbsp;<\/p>\n<h3>H\u00e9bergement du site<\/h3>\n<p>Le site <strong>Unikkern<\/strong> est h\u00e9berg\u00e9 par :<br \/>\n<strong>HOSTINGER<\/strong><br \/>\nAdresse : <strong>Hostinger International Ltd<\/strong>, <strong>61 Lourdou Vironos Street, 6023 Larnaca, Cyprus.<\/strong><\/p>\n<p>T\u00e9l\u00e9phone : <strong>+37064503378<\/strong><\/p>\n<p><strong>\u00a0<\/strong><\/p>\n<h3>Contact<\/h3>\n<p>Pour toute question ou r\u00e9clamation concernant le site, vous pouvez nous contacter via l&#8217;adresse \u00e9lectronique <strong>contact@syskern.com<\/strong> ou le formulaire de contact disponible sur le site.<\/p>\n<p>&nbsp;<\/p>","protected":false},"excerpt":{"rendered":"<p>Last updated: 22\/10\/2024 Mentions L\u00e9gales \u00a0 \u00c9diteur du site Syskern Soci\u00e9t\u00e9 par actions simplifi\u00e9e (Soci\u00e9t\u00e9 \u00e0 associ\u00e9 unique) au capital social de 5 000 \u20ac, enregistr\u00e9e au Registre du Commerce et des Soci\u00e9t\u00e9s de Paris sous le num\u00e9ro 929 292 076 R.C.S. Paris. Si\u00e8ge social : 31 rue Tronchet, 75008 Paris, France. Num\u00e9ro de TVA [&hellip;]<\/p>\n","protected":false},"author":1,"featured_media":234,"parent":0,"menu_order":0,"comment_status":"closed","ping_status":"closed","template":"tpl-pages.php","meta":{"inline_featured_image":false,"footnotes":""},"class_list":["post-1543","page","type-page","status-publish","has-post-thumbnail","hentry"],"acf":[],"_links":{"self":[{"href":"https:\/\/www.unikkern.com\/fr\/wp-json\/wp\/v2\/pages\/1543","targetHints":{"allow":["GET"]}}],"collection":[{"href":"https:\/\/www.unikkern.com\/fr\/wp-json\/wp\/v2\/pages"}],"about":[{"href":"https:\/\/www.unikkern.com\/fr\/wp-json\/wp\/v2\/types\/page"}],"author":[{"embeddable":true,"href":"https:\/\/www.unikkern.com\/fr\/wp-json\/wp\/v2\/users\/1"}],"replies":[{"embeddable":true,"href":"https:\/\/www.unikkern.com\/fr\/wp-json\/wp\/v2\/comments?post=1543"}],"version-history":[{"count":2,"href":"https:\/\/www.unikkern.com\/fr\/wp-json\/wp\/v2\/pages\/1543\/revisions"}],"predecessor-version":[{"id":1728,"href":"https:\/\/www.unikkern.com\/fr\/wp-json\/wp\/v2\/pages\/1543\/revisions\/1728"}],"wp:featuredmedia":[{"embeddable":true,"href":"https:\/\/www.unikkern.com\/fr\/wp-json\/wp\/v2\/media\/234"}],"wp:attachment":[{"href":"https:\/\/www.unikkern.com\/fr\/wp-json\/wp\/v2\/media?parent=1543"}],"curies":[{"name":"wp","href":"https:\/\/api.w.org\/{rel}","templated":true}]}}